{"id":7,"date":"2022-01-03T12:32:34","date_gmt":"2022-01-03T12:32:34","guid":{"rendered":"https:\/\/cw-binnenveld.nl\/?page_id=7"},"modified":"2022-09-13T14:36:22","modified_gmt":"2022-09-13T14:36:22","slug":"woningtoewijzing","status":"publish","type":"page","link":"https:\/\/cw-binnenveld.nl\/index.php\/woningtoewijzing\/","title":{"rendered":"Woningtoewijzing"},"content":{"rendered":"\n<p>Alle woningen worden verhuurd door eigenaar de Woningstichting. De huurcontracten zijn individueel (\u00f3\u00f3k van de woongroepwoningen), dus huursubsidie is mogelijk. Om voor toewijzing van een CW-woning in aanmerking te komen moet je voldoen aan de toewijzingsnormen van de Woningstichting \u00e8n die van CW \u2019t Binnenveld.<\/p>\n\n\n\n<h4 class=\"wp-block-heading\">Inschrijven bij de Woningstichting:<\/h4>\n\n\n\n<p>Inschrijving bij de Woningstichting is nodig; daarvoor is economische of maatschappelijke binding vereist. Ook zijn er bepaalde eisen met betrekking tot de hoogte van\u00a0 je inkomen, omdat de woningen sociale huurwoningen zijn. Voor meer informatie, zie <a href=\"https:\/\/www.dewoningstichting.nl\/\">de site van de Woningstichting<\/a>; de toewijzingsnormen zijn ook verkrijgbaar bij het kantoor van de Woningstichting.<\/p>\n\n\n\n<h4 class=\"wp-block-heading\">Inschrijving bij CW \u2019t Binnenveld:<\/h4>\n\n\n\n<p>Ge\u00efnteresseerden wordt gevraagd een informatieavond te bezoeken in het project. Je krijgt dan uitgebreide informatie over het project, het gebouw, de bewoners, de woonvormen, toewijzing en financi\u00eble verplichtingen. Het is mogelijk om de tuin, de projectruimte en een clusterruimte te bekijken en kennis te maken met de bewoners. Kortom, je krijgt een volledig beeld van het wonen in het CW-project. Na afloop van deze informatiebijeenkomst kun je je inschrijven op de wachtlijst.<\/p>\n\n\n\n<h4 class=\"wp-block-heading\">Beleid bij toewijzing:<\/h4>\n\n\n\n<p>Centraal Wonen heeft veel invloed op de woningtoewijzing. Afhankelijk van de woninggrootte wordt gezocht naar een passend huishouden (zie verder: X+1-regel). Allereerst worden personen van de interne wachtlijst benaderd: bewoners die binnen het project willen verhuizen naar bijvoorbeeld een grotere woning, een clusterwoning of een woning op de begane grond. Vervolgens wordt de externe wachtlijst geraadpleegd.<\/p>\n\n\n\n<p>De toewijzingsprocedure is afhankelijk van de woning die vrijkomt: is het een woning in een zelfstandig portiek, clusterwoning of in de woongroep? De toewijzing verschilt per woonvorm:<\/p>\n\n\n\n<ul class=\"wp-block-list\"><li>Zelfstandige woning: voordracht gebeurt op volgorde van inschrijfdatum.<\/li><li>Cluster- en woongroep: de toewijzingscommissie zoekt in overleg met de bewoners van het cluster of de woongroep naar een nieuwe bewoner. Er vindt een kennismakingsgesprek plaats; degenen die bovenaan de wachtlijst staan worden hiervoor in principe het eerst uitgenodigd. Voor de woongroep- of clusterwoning is zo\u2019n kennismaking belangrijk om te weten of het met de nieuwe bewoner(s) klikt.<\/li><\/ul>\n\n\n\n<p>Tenslotte zal de toewijzingscommissie de kandidaat voordragen bij De Woningstichting die de woning zal toewijzen wanneer men voldoet aan de eisen die De Woningstichting stelt.<\/p>\n\n\n\n<h4 class=\"wp-block-heading\">X+1-regel:<\/h4>\n\n\n\n<p>Wij gaan bij toewijzing uit van de X+1-regel: het aantal personen binnen het huishouden bepaalt de grootte van de woning. In principe geldt dat het aantal kamers gelijk is aan het aantal personen + 1. Dus: een gezin met 3 personen heeft recht op een 4-kamerwoning (een woonkamer en drie slaapkamers). Een \u00e9\u00e9n persoonshuishouden heeft recht op een 2-kamerwoning (woonkamer en \u00e9\u00e9n slaapkamer). We hebben voor deze regel gekozen omdat er relatief weinig grote woningen in ons project zijn; bovendien heeft iedereen naast zijn eigen woning de beschikking over veel extra gemeenschappelijke ruimte.<\/p>\n\n\n\n<h4 class=\"wp-block-heading\">Interesse?<\/h4>\n\n\n\n<p>Heb je interesse in CW \u2019t Binnenveld? Heb je nog vragen over het project? Of wil je een informatieavond bezoeken zodat je op de wachtlijst geplaatst kunt worden?\u00a0Op <a href=\"https:\/\/cw-binnenveld.nl\/index.php\/inschrijven-wachtlijst\/\">deze pagina<\/a> kan je je inschrijven voor de informatieavond.<\/p>\n","protected":false},"excerpt":{"rendered":"<p>Alle woningen worden verhuurd door eigenaar de Woningstichting. De huurcontracten zijn individueel (\u00f3\u00f3k van de woongroepwoningen), dus huursubsidie is mogelijk. Om voor toewijzing van een CW-woning in aanmerking te komen moet je voldoen aan de toewijzingsnormen van de Woningstichting \u00e8n die van CW \u2019t Binnenveld. Inschrijven bij de Woningstichting: Inschrijving bij de Woningstichting is nodig;&hellip; <a class=\"more-link\" href=\"https:\/\/cw-binnenveld.nl\/index.php\/woningtoewijzing\/\">Continue reading <span class=\"screen-reader-text\">Woningtoewijzing<\/span><\/a><\/p>\n","protected":false},"author":1,"featured_media":0,"parent":0,"menu_order":0,"comment_status":"closed","ping_status":"closed","template":"","meta":{"om_disable_all_campaigns":false,"_monsterinsights_skip_tracking":false,"_monsterinsights_sitenote_active":false,"_monsterinsights_sitenote_note":"","_monsterinsights_sitenote_category":0,"footnotes":""},"class_list":["post-7","page","type-page","status-publish","hentry","entry"],"_links":{"self":[{"href":"https:\/\/cw-binnenveld.nl\/index.php\/wp-json\/wp\/v2\/pages\/7","targetHints":{"allow":["GET"]}}],"collection":[{"href":"https:\/\/cw-binnenveld.nl\/index.php\/wp-json\/wp\/v2\/pages"}],"about":[{"href":"https:\/\/cw-binnenveld.nl\/index.php\/wp-json\/wp\/v2\/types\/page"}],"author":[{"embeddable":true,"href":"https:\/\/cw-binnenveld.nl\/index.php\/wp-json\/wp\/v2\/users\/1"}],"replies":[{"embeddable":true,"href":"https:\/\/cw-binnenveld.nl\/index.php\/wp-json\/wp\/v2\/comments?post=7"}],"version-history":[{"count":6,"href":"https:\/\/cw-binnenveld.nl\/index.php\/wp-json\/wp\/v2\/pages\/7\/revisions"}],"predecessor-version":[{"id":98,"href":"https:\/\/cw-binnenveld.nl\/index.php\/wp-json\/wp\/v2\/pages\/7\/revisions\/98"}],"wp:attachment":[{"href":"https:\/\/cw-binnenveld.nl\/index.php\/wp-json\/wp\/v2\/media?parent=7"}],"curies":[{"name":"wp","href":"https:\/\/api.w.org\/{rel}","templated":true}]}}